{"id":5,"date":"2019-08-30T05:28:10","date_gmt":"2019-08-30T05:28:10","guid":{"rendered":"http:\/\/repairphoneec.com\/"},"modified":"2021-01-06T23:25:31","modified_gmt":"2021-01-06T23:25:31","slug":"home-1","status":"publish","type":"page","link":"https:\/\/repairphoneec.com\/","title":{"rendered":"Inicio"},"content":{"rendered":"<p>[vc_row][vc_column][vc_empty_space][\/vc_column][\/vc_row][vc_row full_width=\u00bbstretch_row\u00bb css=\u00bb.vc_custom_1599661307660{margin-top: -30px !important;background-image: url(http:\/\/repairphoneec.com\/wp-content\/uploads\/2019\/08\/bg_02.jpg?id=18) !important;}\u00bb][vc_column][vc_row_inner content_placement=\u00bbtop\u00bb css=\u00bb.vc_custom_1569228422826{padding-top: 80px !important;padding-bottom: 82px !important;}\u00bb][vc_column_inner width=\u00bb1\/2&#8243; css=\u00bb.vc_custom_1569230132929{border-right-width: 1px !important;border-right-color: #707070 !important;border-right-style: solid !important;}\u00bb custom_styles_mobile=\u00bb.vc_custom_1569230132935{border-right-width: 0px !important;padding-bottom: 30px !important;}\u00bb]<a href='https:\/\/www.google.com\/' target=\"_blank\" id='rb_service_69e3622d34367' class='rb_service_module style_icon_left shape_none hover_none mobile_align_center '><div class='service_icon_wrapper'><i class=\"flaticon-phone\"><\/i><\/div><div class=\"service_content_wrapper\"><h3 class=\"service_title\">+9 a\u00f1os de experiencia y la confianza de nuestros clientes nos respaldan.<\/h3><div class='author_wrapper'>Oswaldo Flores<\/div><\/div><\/a>[\/vc_column_inner][vc_column_inner width=\u00bb1\/2&#8243; css=\u00bb.vc_custom_1569228942829{padding-left: 50px !important;}\u00bb]<div class='rb_textmodule_69e3622d34451 rb_textmodule with_subtitle mobile_align_center'><div class='rb_textmodule_info_wrapper'><div class='rb_textmodule_content_wrapper'><p>Todos nuestros <strong>T\u00e9cnicos<\/strong> son capacitados y certificados por lo que garantizamos la calidad en el servicio.<\/p>\n<\/div><\/div><\/div>[\/vc_column_inner][\/vc_row_inner][\/vc_column][\/vc_row][vc_row content_placement=\u00bbmiddle\u00bb bg_position=\u00bbbottom\u00bb bg_size=\u00bbcustom\u00bb custom_bg_size=\u00bb737px 293px\u00bb css=\u00bb.vc_custom_1568119940679{padding-top: 90px !important;padding-bottom: 90px !important;background-image: url(http:\/\/repairphoneec.com\/wp-content\/uploads\/2019\/09\/bg_b.png?id=1317) !important;}\u00bb][vc_column css=\u00bb.vc_custom_1568614407831{padding-right: 80px !important;padding-bottom: 30px !important;}\u00bb offset=\u00bbvc_col-lg-5 vc_col-md-5&#8243; custom_styles_mobile=\u00bb.vc_custom_1568614407836{padding-right: 15px !important;}\u00bb]<div class='rb_textmodule_69e3622d3464e rb_textmodule with_subtitle mobile_align_center'><p class='h5 rb_textmodule_subtitle'>#RepairPhoneEC<\/p><div class='rb_textmodule_info_wrapper'><h3 class='rb_textmodule_title has_divider'>Servicios<span class='rb_textmodule_divider'><\/span><\/h3><div class='rb_textmodule_content_wrapper'><p>En RepairPhone ofrecemos soluciones y accesorios para tu smartphone.<\/p>\n<div id=\"gtx-trans\" style=\"position: absolute; left: -59px; top: -10px;\">\n<div class=\"gtx-trans-icon\"><\/div>\n<\/div>\n\n<\/div><\/div><\/div>[\/vc_column][vc_column offset=\u00bbvc_col-lg-7 vc_col-md-7&#8243;][vc_row_inner][vc_column_inner width=\u00bb1\/2&#8243; css=\u00bb.vc_custom_1567155933768{background-color: #ffffff !important;}\u00bb]<a href='http:\/\/repairphoneec.com\/index.php\/reparacion\/' target=\"_blank\" id='rb_service_69e3622d34b82' class='rb_service_module style_icon_top shape_none hover_image '><div class='service_image_wrapper'><img src='https:\/\/repairphoneec.com\/wp-content\/uploads\/2019\/08\/logo_01.png' alt='' \/><\/div><div class=\"service_content_wrapper\"><h3 class=\"service_title\">Reparaci\u00f3n<\/h3><div class='content_wrapper'><p>Ac\u00e9rcate a nuestra tienda y realiza el diagn\u00f3stico de tu dispositivo.<\/p>\n<div id=\"gtx-trans\" style=\"position: absolute; left: -52px; top: -10px;\">\n<div class=\"gtx-trans-icon\"><\/div>\n<\/div>\n<p>\n<\/div><\/div><\/a>[\/vc_column_inner][vc_column_inner width=\u00bb1\/2&#8243; css=\u00bb.vc_custom_1567156017015{margin-top: 50px !important;}\u00bb]<a href='http:\/\/repairphoneec.com\/index.php\/accesorios\/' target=\"_blank\" id='rb_service_69e3622d353b6' class='rb_service_module style_icon_top shape_none hover_image '><div class='service_image_wrapper'><img src='https:\/\/repairphoneec.com\/wp-content\/uploads\/2019\/08\/logo_02.png' alt='' \/><\/div><div class=\"service_content_wrapper\"><h3 class=\"service_title\">Accesorios<\/h3><div class='content_wrapper'><p>Complementa tu smartphone con nuestros accesorios.<\/p>\n<div id=\"gtx-trans\" style=\"position: absolute; left: -36px; top: -10px;\">\n<div class=\"gtx-trans-icon\"><\/div>\n<\/div>\n<p>\n<\/div><\/div><\/a>[\/vc_column_inner][\/vc_row_inner][\/vc_column][\/vc_row][vc_row full_width=\u00bbstretch_row_content_no_spaces\u00bb css=\u00bb.vc_custom_1602273334441{margin-bottom: 50px !important;}\u00bb][vc_column]<div id='rb_divider_69e3622d356ad' class='rb_divider_wrapper default'><div class='rb_divider'><span><\/span><\/div><\/div>[vc_empty_space][\/vc_column][\/vc_row][vc_row full_width=\u00bbstretch_row\u00bb css=\u00bb.vc_custom_1567146617224{padding-top: 100px !important;padding-bottom: 100px !important;background-image: url(http:\/\/repairphoneec.com\/wp-content\/uploads\/2019\/08\/bg_01.jpg?id=44) !important;}\u00bb][vc_column custom_styles_mobile=\u00bb.vc_custom_1569584000652{padding-right: 25px !important;padding-left: 25px !important;}\u00bb]<div id='rb_roadmap_69e3622d356f6' class='rb_roadmap_module style_square '><div class='rb_roadmap_item'><div class='roadmap_icon_wrapper'><i class=\"flaticon-pin\"><\/i><span class='number title_ff'>1<\/span><\/div><span class='roadmap_divider'><\/span><div class='roadmap_content_wrapper'><p class='h3 roadmap_title'>Vis\u00edta la tienda<\/p><p class='roadmap_description'>Env\u00edanos un mensaje para agendar tu diagn\u00f3stico.\nTrae tu dispositivo a nuestra tienda.<\/p><\/div><\/div><div class='rb_roadmap_item'><div class='roadmap_icon_wrapper'><i class=\"flaticon-musica-searcher\"><\/i><span class='number title_ff'>2<\/span><\/div><span class='roadmap_divider'><\/span><div class='roadmap_content_wrapper'><p class='h3 roadmap_title'>Diagn\u00f3stico<\/p><p class='roadmap_description'>Nuestros expertos realizar\u00e1n un diagn\u00f3stico de hardware y software.<\/p><\/div><\/div><div class='rb_roadmap_item'><div class='roadmap_icon_wrapper'><i class=\"flaticon-settings\"><\/i><span class='number title_ff'>3<\/span><\/div><span class='roadmap_divider'><\/span><div class='roadmap_content_wrapper'><p class='h3 roadmap_title'>Realiza tu reparaci\u00f3n<\/p><p class='roadmap_description'>Nuestros expertos se encargar\u00e1n de reparar tu dispositivo.<\/p><\/div><\/div><div class='rb_roadmap_item active'><div class='roadmap_icon_wrapper'><i class=\"flaticon-phone\"><\/i><span class='number title_ff'><i><\/i><\/span><\/div><span class='roadmap_divider'><\/span><div class='roadmap_content_wrapper'><p class='h3 roadmap_title'>Recoge tu smartphone<\/p><p class='roadmap_description'>\u00a1Tu dispositivo est\u00e1 listo! Consulta nuestra garant\u00eda.<\/p><\/div><\/div><\/div><div id='rb_divider_69e3622d35776' class='rb_divider_wrapper default'><div class='rb_divider'><span><\/span><\/div><\/div>[\/vc_column][\/vc_row][vc_row full_width=\u00bbstretch_row\u00bb css=\u00bb.vc_custom_1599512411837{padding-top: 100px !important;padding-bottom: 200px !important;background-image: url(http:\/\/repairphoneec.com\/wp-content\/uploads\/2020\/08\/pexels-tyler-lastovich-719399-scaled.jpg?id=1922) !important;}\u00bb][vc_column width=\u00bb1\/2&#8243;]<div class='rb_textmodule_69e3622d357b5 rb_textmodule with_icon align_left'><div class='rb_textmodule_icon shape_none'><i class='flaticon-musica-searcher'><\/i><\/div><div class='rb_textmodule_info_wrapper'><h3 class='rb_textmodule_title has_divider'>Diagn\u00f3stico gratuito<span class='rb_textmodule_divider'><\/span><\/h3><div class='rb_textmodule_content_wrapper'><p>Conoce el estado de tu dispositivo.<br \/>\nEnv\u00eda un mensaje a nuestros expertos.<\/p>\n<\/div><\/div><\/div>[\/vc_column][vc_column width=\u00bb1\/2&#8243;][\/vc_column][\/vc_row][vc_row full_width=\u00bbstretch_row_content\u00bb bg_position=\u00bbbottom\u00bb bg_size=\u00bbcustom\u00bb custom_bg_size=\u00bb797px 293px\u00bb css=\u00bb.vc_custom_1569416753573{padding-top: 74px !important;padding-bottom: 100px !important;background-image: url(http:\/\/repairphoneec.com\/wp-content\/uploads\/2019\/09\/bg_b.png?id=1317) !important;}\u00bb][vc_column]<div class='rb_textmodule_69e3622d358dc rb_textmodule with_icon align_center'><div class='rb_textmodule_icon shape_square'><i class='flaticon-cite'><\/i><\/div><div class='rb_textmodule_info_wrapper'><h3 class='rb_textmodule_title has_divider'>Testimonios<span class='rb_textmodule_divider'><\/span><\/h3><div class='rb_textmodule_content_wrapper'><p>Comentarios de clientes que han confiado en Repair Phone.<\/p>\n<div id=\"gtx-trans\" style=\"position: absolute; left: 38px; top: -10px;\">\n<div class=\"gtx-trans-icon\"><\/div>\n<\/div>\n\n<\/div><\/div><\/div><div id='rb_testimonials_69e3622d35a0a' class='rb_testimonials_module style_simple image_top rb_carousel_wrapper' data-columns=\"3\" data-pagination=\"on\" data-draggable=\"on\" data-infinite=\"on\" data-auto-height=\"on\" data-slides-to-scroll=\"1\"><div class='rb_carousel'><div class='testimonial'><div class='image_wrapper square'><img src='https:\/\/repairphoneec.com\/wp-content\/uploads\/2020\/09\/11-100x100.jpg' alt='' \/><\/div><div class='content_wrapper'><div class='testimonials_stars stars_5'><\/div><p class='testimonial_desc'>\u201cSe da\u00f1\u00f3 la pantalla de mi Xiaomi, RepairPhone me ayudo de una manera r\u00e1pida, eficiente y a un excelente precio.\u201d<\/p><p class='h4 testimonial_name'>Andr\u00e9 Maldonado<\/p><\/div><\/div><div class='testimonial'><div class='image_wrapper square'><img src='https:\/\/repairphoneec.com\/wp-content\/uploads\/2020\/09\/IMG_3869-100x100.jpg' alt='' \/><\/div><div class='content_wrapper'><div class='testimonials_stars stars_5'><\/div><p class='testimonial_desc'>&quot;Mi celular cay\u00f3 accidentalmente al agua y a las pocas horas era inservible. De inmediato fui a RepairPhone, donde diagnosticaron el cambio de display, este cambio fue realizado en pocas horas. El aparato sigue funcionando con normalidad desde hace un a\u00f1o y medio.&quot;<\/p><p class='h4 testimonial_name'>Alexis Oviedo<\/p><\/div><\/div><div class='testimonial'><div class='image_wrapper square'><img src='https:\/\/repairphoneec.com\/wp-content\/uploads\/2020\/09\/IMG_3870-100x100.jpg' alt='' \/><\/div><div class='content_wrapper'><div class='testimonials_stars stars_5'><\/div><p class='testimonial_desc'>\u201cBuscaba un celular para regalar a mi sobrino, en RepairPhone encontr\u00e9 el equipo a un buen precio, nuevo y con garant\u00eda\u201d<\/p><p class='h4 testimonial_name'>Carlos Erazo<\/p><\/div><\/div><div class='testimonial'><div class='image_wrapper square'><img src='https:\/\/repairphoneec.com\/wp-content\/uploads\/2020\/09\/0-100x100.jpeg' alt='' \/><\/div><div class='content_wrapper'><div class='testimonials_stars stars_5'><\/div><p class='testimonial_desc'>\u201cMi celular ya no cargaba, pens\u00e9 que era el cargador pero en RepairPhone identificaron que el problema era el pin de carga y realizaron el cambio, ahora mi celular carga sin ning\u00fan problema.\u201d<\/p><p class='h4 testimonial_name'>Fernanda Espinoza<\/p><\/div><\/div><div class='testimonial'><div class='quotes_wrapper square'><span class='quotes'><\/span><\/div><div class='content_wrapper'><p class='testimonial_desc'>\u201c Buscaba una Mica de Hidrogel para mi celular Samsung, cansado de preguntar en varios locales finalmente en RepairPhone lo encontr\u00e9.\u201d<\/p><p class='h4 testimonial_name'>usuario<\/p><\/div><\/div><\/div><\/div>[\/vc_column][\/vc_row][vc_row full_width=\u00bbstretch_row\u00bb content_placement=\u00bbmiddle\u00bb css=\u00bb.vc_custom_1601062396890{margin-bottom: -100px !important;padding-top: 50px !important;padding-bottom: 50px !important;background-image: url(http:\/\/repairphoneec.com\/wp-content\/uploads\/2019\/08\/bg_04.jpg?id=108) !important;}\u00bb][vc_column width=\u00bb2\/3&#8243;]<div class='rb_textmodule_69e3622d36784 rb_textmodule with_icon align_left mobile_align_center'><div class='rb_textmodule_icon shape_none'><i class='flaticon-question-1'><\/i><\/div><div class='rb_textmodule_info_wrapper'><h3 class='rb_textmodule_title '>Estamos aqu\u00ed para ayudarte<\/h3><div class='rb_textmodule_content_wrapper'><p>Env\u00edanos un mensaje<\/p>\n<div id=\"gtx-trans\" style=\"position: absolute; left: 1px; top: -10px;\">\n<div class=\"gtx-trans-icon\"><\/div>\n<\/div>\n\n<\/div><\/div><\/div>[\/vc_column][vc_column width=\u00bb1\/3&#8243;]<div id='rb_button_wrapper_69e3622d368fd' class='rb_button_wrapper '><a id='rb_button_69e3622d368fe' class='rb_button arrow_fade_out medium' href='https:\/\/wa.me\/593939509953' target=\"_blank\"><span>Cont\u00e1ctanos<\/span><\/a><\/div>[\/vc_column][\/vc_row]<\/p>\n","protected":false},"excerpt":{"rendered":"<p>[vc_row][vc_column][vc_empty_space][\/vc_column][\/vc_row][vc_row full_width=\u00bbstretch_row\u00bb css=\u00bb.vc_custom_1599661307660{margin-top: -30px !important;background-image: url(http:\/\/repairphoneec.com\/wp-content\/uploads\/2019\/08\/bg_02.jpg?id=18) !important;}\u00bb][vc_column][vc_row_inner content_placement=\u00bbtop\u00bb css=\u00bb.vc_custom_1569228422826{padding-top: 80px !important;padding-bottom: 82px !important;}\u00bb][vc_column_inner width=\u00bb1\/2&#8243; css=\u00bb.vc_custom_1569230132929{border-right-width: 1px !important;border-right-color: #707070 !important;border-right-style: solid !important;}\u00bb custom_styles_mobile=\u00bb.vc_custom_1569230132935{border-right-width: 0px !important;padding-bottom: 30px !important;}\u00bb][\/vc_column_inner][vc_column_inner width=\u00bb1\/2&#8243; css=\u00bb.vc_custom_1569228942829{padding-left: 50px !important;}\u00bb][\/vc_column_inner][\/vc_row_inner][\/vc_column][\/vc_row][vc_row content_placement=\u00bbmiddle\u00bb bg_position=\u00bbbottom\u00bb bg_size=\u00bbcustom\u00bb custom_bg_size=\u00bb737px 293px\u00bb css=\u00bb.vc_custom_1568119940679{padding-top: 90px !important;padding-bottom: 90px !important;background-image: url(http:\/\/repairphoneec.com\/wp-content\/uploads\/2019\/09\/bg_b.png?id=1317) !important;}\u00bb][vc_column css=\u00bb.vc_custom_1568614407831{padding-right: 80px !important;padding-bottom: 30px !important;}\u00bb offset=\u00bbvc_col-lg-5 vc_col-md-5&#8243; custom_styles_mobile=\u00bb.vc_custom_1568614407836{padding-right: 15px !important;}\u00bb][\/vc_column][vc_column offset=\u00bbvc_col-lg-7 vc_col-md-7&#8243;][vc_row_inner][vc_column_inner width=\u00bb1\/2&#8243; [&hellip;]<\/p>\n","protected":false},"author":1,"featured_media":0,"parent":0,"menu_order":0,"comment_status":"closed","ping_status":"closed","template":"","meta":{"footnotes":""},"class_list":["post-5","page","type-page","status-publish","hentry"],"_links":{"self":[{"href":"https:\/\/repairphoneec.com\/index.php\/wp-json\/wp\/v2\/pages\/5"}],"collection":[{"href":"https:\/\/repairphoneec.com\/index.php\/wp-json\/wp\/v2\/pages"}],"about":[{"href":"https:\/\/repairphoneec.com\/index.php\/wp-json\/wp\/v2\/types\/page"}],"author":[{"embeddable":true,"href":"https:\/\/repairphoneec.com\/index.php\/wp-json\/wp\/v2\/users\/1"}],"replies":[{"embeddable":true,"href":"https:\/\/repairphoneec.com\/index.php\/wp-json\/wp\/v2\/comments?post=5"}],"version-history":[{"count":113,"href":"https:\/\/repairphoneec.com\/index.php\/wp-json\/wp\/v2\/pages\/5\/revisions"}],"predecessor-version":[{"id":2344,"href":"https:\/\/repairphoneec.com\/index.php\/wp-json\/wp\/v2\/pages\/5\/revisions\/2344"}],"wp:attachment":[{"href":"https:\/\/repairphoneec.com\/index.php\/wp-json\/wp\/v2\/media?parent=5"}],"curies":[{"name":"wp","href":"https:\/\/api.w.org\/{rel}","templated":true}]}}